{"id":103,"date":"2019-02-16T13:55:13","date_gmt":"2019-02-16T13:55:13","guid":{"rendered":"http:\/\/psychotherapie-grewenig.de\/?page_id=103"},"modified":"2020-08-18T12:44:53","modified_gmt":"2020-08-18T12:44:53","slug":"herzlich-willkommen","status":"publish","type":"page","link":"http:\/\/psychotherapie-grewenig.de\/","title":{"rendered":"Herzlich willkommen auf meiner Praxis-Homepage"},"content":{"rendered":"\n<p>Anhaltende Belastungen, Krisen, Konfliktsituationen oder einschneidende  Ver\u00e4nderungen im Lebens- und oder Arbeitsalltag k\u00f6nnen seelische  Erkrankungen verursachen. Diese \u00e4u\u00dfern sich bspw. in  Anpassungsst\u00f6rungen, Depressionen, Angstst\u00f6rungen, psychosomatischen  Erkrankungen, usw. Beim Betroffenen gehen diese nicht selten einher mit  einem hohen Leidensdruck und Problemen in der Lebensbew\u00e4ltigung. Eine Psychotherapie kann nicht nur dazu verhelfen die Symptome zu reduzieren,  sondern dar\u00fcber hinaus auch eine psychische St\u00e4rkung und Stabilisierung zu f\u00f6rdern und bessere Selbstakzeptanz zu etablieren. <\/p>\n\n\n\n<p><\/p>\n\n\n\n<p><strong>AUF DEN SEITEN DER HOMEPAGE FINDEN SIE<\/strong><\/p>\n\n\n\n<ul class=\"wp-block-list\"><li>Informationen \u00fcber mein Leistungsangebot im Rahmen der psychotherapeutischen Behandlung bzw. Beratung<\/li><li>wichtige Hinweise \u00fcber die Rahmenbedingungen f\u00fcr eine Psychotherapie bzw. Beratung in einer Privatpraxis<\/li><li>Wissenswertes \u00fcber das Kostenerstattungsverfahren bzw. den au\u00dfertariflichen Psychotherapievertrag <\/li><\/ul>\n\n\n\n<p><br><\/p>\n\n\n\n<p class=\"has-normal-font-size\"><strong>ICH BEHANDLE<\/strong><\/p>\n\n\n\n<p>Gesetzlich Versicherte <\/p>\n\n\n\n<p>Privatversicherte<\/p>\n\n\n\n<p>Selbstzahler<\/p>\n\n\n\n<p><br><\/p>\n\n\n\n<p><br><br><\/p>\n\n\n\n<p><br><\/p>\n\n\n\n<p><\/p>\n","protected":false},"excerpt":{"rendered":"<p>Anhaltende Belastungen, Krisen, Konfliktsituationen oder einschneidende Ver\u00e4nderungen im Lebens- und oder Arbeitsalltag k\u00f6nnen seelische Erkrankungen verursachen. Diese \u00e4u\u00dfern sich bspw. in Anpassungsst\u00f6rungen, Depressionen, Angstst\u00f6rungen, psychosomatischen Erkrankungen, usw. Beim Betroffenen gehen diese nicht selten einher mit einem hohen Leidensdruck und Problemen in der Lebensbew\u00e4ltigung. Eine Psychotherapie kann nicht nur dazu verhelfen die Symptome zu reduzieren, sondern &hellip; <\/p>\n<p class=\"link-more\"><a href=\"http:\/\/psychotherapie-grewenig.de\/\" class=\"more-link\"><span class=\"screen-reader-text\">\u201eHerzlich willkommen auf meiner Praxis-Homepage\u201c<\/span> weiterlesen<\/a><\/p>\n","protected":false},"author":1,"featured_media":0,"parent":0,"menu_order":0,"comment_status":"closed","ping_status":"closed","template":"","meta":{"footnotes":""},"class_list":["post-103","page","type-page","status-publish","hentry"],"_links":{"self":[{"href":"http:\/\/psychotherapie-grewenig.de\/index.php?rest_route=\/wp\/v2\/pages\/103","targetHints":{"allow":["GET"]}}],"collection":[{"href":"http:\/\/psychotherapie-grewenig.de\/index.php?rest_route=\/wp\/v2\/pages"}],"about":[{"href":"http:\/\/psychotherapie-grewenig.de\/index.php?rest_route=\/wp\/v2\/types\/page"}],"author":[{"embeddable":true,"href":"http:\/\/psychotherapie-grewenig.de\/index.php?rest_route=\/wp\/v2\/users\/1"}],"replies":[{"embeddable":true,"href":"http:\/\/psychotherapie-grewenig.de\/index.php?rest_route=%2Fwp%2Fv2%2Fcomments&post=103"}],"version-history":[{"count":20,"href":"http:\/\/psychotherapie-grewenig.de\/index.php?rest_route=\/wp\/v2\/pages\/103\/revisions"}],"predecessor-version":[{"id":501,"href":"http:\/\/psychotherapie-grewenig.de\/index.php?rest_route=\/wp\/v2\/pages\/103\/revisions\/501"}],"wp:attachment":[{"href":"http:\/\/psychotherapie-grewenig.de\/index.php?rest_route=%2Fwp%2Fv2%2Fmedia&parent=103"}],"curies":[{"name":"wp","href":"https:\/\/api.w.org\/{rel}","templated":true}]}}