{"id":145,"date":"2019-02-17T09:25:23","date_gmt":"2019-02-17T09:25:23","guid":{"rendered":"http:\/\/psychotherapie-grewenig.de\/?page_id=145"},"modified":"2019-02-27T06:22:59","modified_gmt":"2019-02-27T06:22:59","slug":"leistungsangebot","status":"publish","type":"page","link":"http:\/\/psychotherapie-grewenig.de\/?page_id=145","title":{"rendered":"Leistungsangebot"},"content":{"rendered":"\n<p>Die <strong>tiefenpsychologisch fundierte Psychotherapie (TP)<\/strong> ist ein aus der Psychoanalyse entwickeltes eigenst\u00e4ndiges Richtlinienverfahren, das sich mit der Dynamik unbewusster Vorg\u00e4nge der menschlichen Psyche befasst. Die so genannte Psychodynamik ergibt sich aus dem Zusammenspiel von Emotionen, Gedanken, Wertvorstellungen und der Lebenssituation eines Menschen und charakterisiert und beeinflusst dessen Erleben und Verhalten.  <\/p>\n\n\n\n<p>Die TP bietet Ihnen die M\u00f6glichkeit eines besseren Selbstverst\u00e4ndnis und einer besseren Selbstakzeptanz. In der psychotherapeutischen Behandlung erfahren Sie emotionale Entlastung, psychische St\u00e4rkung und gewinnen wichtige Erkenntnisse \u00fcber Ihre eigenen Erlebens- und Verhaltensmuster und deren Auswirkungen auf Ihre aktuelle Lebenssituation. Ziel der Psychotherapie ist es, ein selbstbewusstes Denken und Handeln zu entwickeln und zu etablieren und damit die F\u00e4higkeit, die eigene Lebensgestaltung selbsbestimmt und positiv zu beeinflussen.<\/p>\n\n\n\n<p>Wichtige Methoden der TP sind das <strong>Katathyme Bilderleben (KIP<\/strong>) und die <strong>Arbeit mit konkreten Symbolen<\/strong>. Diese erleichtern den Zugang zu individuellen unbewussten Bed\u00fcrfnissen, Gef\u00fchlen und Inhalten und unterst\u00fctzen somit das Verst\u00e4ndnis f\u00fcr das eigene innerseelsiche Erleben.<\/p>\n\n\n\n<p><strong>PRAXISLEISTUNGEN<\/strong><\/p>\n\n\n\n<ul class=\"wp-block-list\"><li>Psychotherapie f\u00fcr Erwachsene bei allen behandlungsbed\u00fcrftigen psychischen Erkrankungen im Kurzzeit- oder Langzeitverfahren<\/li><li>Psychotherapie f\u00fcr H\u00f6rgesch\u00e4digte (ohne Geb\u00e4rdensprache!)<\/li><li>Psychologische Beratung <\/li><\/ul>\n\n\n\n<p><strong>BEHANDLUNGSSPEKTRUM<\/strong><\/p>\n\n\n\n<ul class=\"wp-block-list\"><li>Depressionen<\/li><li>Angstst\u00f6rungen<\/li><li>Anpassungsst\u00f6rungen<\/li><li>Burn-Out-Syndrom<\/li><li>Zwangsst\u00f6rungen<\/li><li>Pers\u00f6nlichkeitsst\u00f6rungen<\/li><li>psychosomatische Erkrankungen<\/li><\/ul>\n\n\n\n<p><strong>EXPERTISE<\/strong><\/p>\n\n\n\n<ul class=\"wp-block-list\"><li>Krankheitsverarbeitung bei H\u00f6rsch\u00e4digung und Tinnitus<\/li><li>Unterst\u00fctzung f\u00fcr einen selbstbewussten Umgang mit einer H\u00f6rsch\u00e4digung<\/li><li>Unterst\u00fctzung im Umgang mit H\u00f6rger\u00e4te- sowie Cochlear Implantat-Versorgungen<\/li><\/ul>\n","protected":false},"excerpt":{"rendered":"<p>Die tiefenpsychologisch fundierte Psychotherapie (TP) ist ein aus der Psychoanalyse entwickeltes eigenst\u00e4ndiges Richtlinienverfahren, das sich mit der Dynamik unbewusster Vorg\u00e4nge der menschlichen Psyche befasst. Die so genannte Psychodynamik ergibt sich aus dem Zusammenspiel von Emotionen, Gedanken, Wertvorstellungen und der Lebenssituation eines Menschen und charakterisiert und beeinflusst dessen Erleben und Verhalten. Die TP bietet Ihnen die &hellip; <\/p>\n<p class=\"link-more\"><a href=\"http:\/\/psychotherapie-grewenig.de\/?page_id=145\" class=\"more-link\"><span class=\"screen-reader-text\">\u201eLeistungsangebot\u201c<\/span> weiterlesen<\/a><\/p>\n","protected":false},"author":1,"featured_media":0,"parent":0,"menu_order":0,"comment_status":"closed","ping_status":"closed","template":"","meta":{"footnotes":""},"class_list":["post-145","page","type-page","status-publish","hentry"],"_links":{"self":[{"href":"http:\/\/psychotherapie-grewenig.de\/index.php?rest_route=\/wp\/v2\/pages\/145","targetHints":{"allow":["GET"]}}],"collection":[{"href":"http:\/\/psychotherapie-grewenig.de\/index.php?rest_route=\/wp\/v2\/pages"}],"about":[{"href":"http:\/\/psychotherapie-grewenig.de\/index.php?rest_route=\/wp\/v2\/types\/page"}],"author":[{"embeddable":true,"href":"http:\/\/psychotherapie-grewenig.de\/index.php?rest_route=\/wp\/v2\/users\/1"}],"replies":[{"embeddable":true,"href":"http:\/\/psychotherapie-grewenig.de\/index.php?rest_route=%2Fwp%2Fv2%2Fcomments&post=145"}],"version-history":[{"count":7,"href":"http:\/\/psychotherapie-grewenig.de\/index.php?rest_route=\/wp\/v2\/pages\/145\/revisions"}],"predecessor-version":[{"id":453,"href":"http:\/\/psychotherapie-grewenig.de\/index.php?rest_route=\/wp\/v2\/pages\/145\/revisions\/453"}],"wp:attachment":[{"href":"http:\/\/psychotherapie-grewenig.de\/index.php?rest_route=%2Fwp%2Fv2%2Fmedia&parent=145"}],"curies":[{"name":"wp","href":"https:\/\/api.w.org\/{rel}","templated":true}]}}