{"id":191,"date":"2019-02-17T12:03:14","date_gmt":"2019-02-17T12:03:14","guid":{"rendered":"http:\/\/psychotherapie-grewenig.de\/?page_id=191"},"modified":"2020-08-18T12:39:39","modified_gmt":"2020-08-18T12:39:39","slug":"rahmenbedingungen","status":"publish","type":"page","link":"http:\/\/psychotherapie-grewenig.de\/?page_id=191","title":{"rendered":"Rahmenbedingungen"},"content":{"rendered":"\n<p><strong>ALLGEMEIN<\/strong><\/p>\n\n\n\n<p>Bei Bedarf f\u00fcr eine Psychotherapie oder Beratung nehmen Sie gerne Kontakt mit mir auf. In einem Erstgespr\u00e4ch kann Ihr Therapie- oder Beratungsbedarf gekl\u00e4rt werden. Sie ben\u00f6tigen hierf\u00fcr keine \u00dcberweisung vom Hausarzt oder Facharzt. <\/p>\n\n\n\n<p><strong>GESETZLICH VERSICHERTE<\/strong><\/p>\n\n\n\n<p>Die Psychotherapie geh\u00f6rt zu den Sachdienstleistungen der Gesetzlichen Krankenkassen, d. h. die Kosten einer psychotherapeutischen Behandlung werden  vollumf\u00e4nglich von Ihrer Krankenkasse gezahlt. Die Abrechnung erfolgt \u00fcber Ihre elektronische Krankenkassenkarte, die Sie mir bei Ihrem Termin in meiner Praxis vorlegen.<\/p>\n\n\n\n<p><strong>PRIVATVERSICHERTE<\/strong><\/p>\n\n\n\n<p>Die Kosten f\u00fcr eine Psychotherapie werden in der Regel von der Privatversicherung oder der Beihilfestelle \u00fcbernommen bzw. erstattet. Bitte erkundigen Sie sich vorher bei Ihrer Prviatversicherung, ob die Psychotherapie in Ihrem Leistungsvertrag enthalten ist.<\/p>\n\n\n\n<p><strong>SELBSTZAHLER<\/strong><\/p>\n\n\n\n<p>Bei Beratungsbedarf und nicht behandlungsbed\u00fcrftigen Belastungen kommt die (Private) Krankenkasse nicht f\u00fcr die Kosten auf, sodass Sie die Kosten f\u00fcr eine psycholgische Beratung selbst zahlen m\u00fcssen. Der Stundensatz hierf\u00fcr richtet sich nach gemeinsamer Vereinbarung.<\/p>\n\n\n\n<p><br><\/p>\n\n\n\n<p style=\"text-align:center\"><br><\/p>\n","protected":false},"excerpt":{"rendered":"<p>ALLGEMEIN Bei Bedarf f\u00fcr eine Psychotherapie oder Beratung nehmen Sie gerne Kontakt mit mir auf. In einem Erstgespr\u00e4ch kann Ihr Therapie- oder Beratungsbedarf gekl\u00e4rt werden. Sie ben\u00f6tigen hierf\u00fcr keine \u00dcberweisung vom Hausarzt oder Facharzt. GESETZLICH VERSICHERTE Die Psychotherapie geh\u00f6rt zu den Sachdienstleistungen der Gesetzlichen Krankenkassen, d. h. die Kosten einer psychotherapeutischen Behandlung werden vollumf\u00e4nglich von &hellip; <\/p>\n<p class=\"link-more\"><a href=\"http:\/\/psychotherapie-grewenig.de\/?page_id=191\" class=\"more-link\"><span class=\"screen-reader-text\">\u201eRahmenbedingungen\u201c<\/span> weiterlesen<\/a><\/p>\n","protected":false},"author":1,"featured_media":0,"parent":0,"menu_order":0,"comment_status":"closed","ping_status":"closed","template":"","meta":{"footnotes":""},"class_list":["post-191","page","type-page","status-publish","hentry"],"_links":{"self":[{"href":"http:\/\/psychotherapie-grewenig.de\/index.php?rest_route=\/wp\/v2\/pages\/191","targetHints":{"allow":["GET"]}}],"collection":[{"href":"http:\/\/psychotherapie-grewenig.de\/index.php?rest_route=\/wp\/v2\/pages"}],"about":[{"href":"http:\/\/psychotherapie-grewenig.de\/index.php?rest_route=\/wp\/v2\/types\/page"}],"author":[{"embeddable":true,"href":"http:\/\/psychotherapie-grewenig.de\/index.php?rest_route=\/wp\/v2\/users\/1"}],"replies":[{"embeddable":true,"href":"http:\/\/psychotherapie-grewenig.de\/index.php?rest_route=%2Fwp%2Fv2%2Fcomments&post=191"}],"version-history":[{"count":9,"href":"http:\/\/psychotherapie-grewenig.de\/index.php?rest_route=\/wp\/v2\/pages\/191\/revisions"}],"predecessor-version":[{"id":496,"href":"http:\/\/psychotherapie-grewenig.de\/index.php?rest_route=\/wp\/v2\/pages\/191\/revisions\/496"}],"wp:attachment":[{"href":"http:\/\/psychotherapie-grewenig.de\/index.php?rest_route=%2Fwp%2Fv2%2Fmedia&parent=191"}],"curies":[{"name":"wp","href":"https:\/\/api.w.org\/{rel}","templated":true}]}}