{"id":196,"date":"2019-02-17T12:06:25","date_gmt":"2019-02-17T12:06:25","guid":{"rendered":"http:\/\/psychotherapie-grewenig.de\/?page_id=196"},"modified":"2019-03-12T21:23:51","modified_gmt":"2019-03-12T21:23:51","slug":"kostenerstattungsverfahren","status":"publish","type":"page","link":"http:\/\/psychotherapie-grewenig.de\/?page_id=196","title":{"rendered":"Kostenerstattungsverfahren"},"content":{"rendered":"\n<p><strong>Wenn Sie als gesetzlich Versicherte(r) zu lange auf einen Psychotherapieplatz warten m\u00fcssen, haben Sie die M\u00f6glichkeit eine Privatpraxis zu kontaktieren.<\/strong><\/p>\n\n\n\n<p>Die Wartezeiten in Psychotherapiepraxen mit Kassenzulassung sind in vielen F\u00e4llen sehr lang. Nicht selten muss man 6 Monate oder l\u00e4nger auf einen Psychotherapieplatz warten. Eine Wartezeit von l\u00e4nger als 3 Monaten ist f\u00fcr Sie als Betroffene(r) nicht zumutbar und erlaubt Ihnen ein Kostenstatttungsverfahren bzw. einen au\u00dfertariflichen Psychotherapievertrag in Anspruch zu nehmen. <\/p>\n\n\n\n<p>Folgende <strong>Bedingungen<\/strong> sind von Ihnen als gesetzlich Versicherte hierzu zu erf\u00fcllen und werden in den unteren Abschnitten genau beschrieben:<\/p>\n\n\n\n<ul class=\"wp-block-list\"><li><strong>Vorlage eines Protokolls der vergeblichen Psychotherapeutensuche<\/strong><\/li><li><strong>Vorlage einer Dringlichkeitsbescheinigung f\u00fcr eine Psychotherapie vom Hausarzt<\/strong><\/li><li><strong>Vorlage eines Sprechstundenprotokolls <\/strong>(verpflichtend<strong>!<\/strong>, auch f\u00fcr eine Psychotherapie bei einem zugelassenen Psychotherapeuten)<\/li><\/ul>\n\n\n\n<p><strong>Der Psychotherapieantrag auf Kostenerstattung nach \u00a7 13 Absatz 3 SGB V ist gesetzlich geregelt und verpflichtet die gesetzlichen Krankenkassen eine Psychotherapie in einer Privatpraxis zu bewilligen. <\/strong> Hierzu m\u00fcssen Sie nachweisen, dass Sie in einer Psychotherapiepraxis mit Kassenzulassung innerhalb von 3 Monaten keinen Therapieplatz bekommen k\u00f6nnen. Ein solcher Nachweis ist das Protokoll der vergeblichen Psychotherapeutensuche. Sie dokumentieren alle get\u00e4tigten Anrufe mit Datum, Namen des Psychotherapeuten und Wartezeit.<\/p>\n\n\n\n<p>Die <strong>Dringlichkeitsbescheinigung <\/strong>von Ihrem Hausarzt belegt die Unaufschiebbarkeit einer Psychotherapie.<\/p>\n\n\n\n<p>F\u00fcr alle gesetzlich Versicherten, die eine Psychotherapie in Anspruch nehmen m\u00f6chten, ist seit 01. April 2018 verpflichtend, ein <strong>Sprechstundenprotokoll<\/strong> bei einem Psychotherapeuten mit Kassenzulassung einzuholen. Hierf\u00fcr sind in den zugelassenen Psychotherapiepraxen sogenannte Sprechstundentermine angesetzt . In einem Sprechstundentermin wird die Indikation f\u00fcr eine Psychotherapie festgestellt und auf dem Sprechstundenprotokoll bescheinigt und erm\u00f6glicht Ihnen eine Psychotherapie in Anspruch zu nehmen.<\/p>\n\n\n\n<p><strong>Bei Vorlage dieser Belege kann der Psychotherapeut einer Privatpraxis f\u00fcr Sie als gesetzlich Verischerte(r) einen Psychotherapieantrag auf Kostenerstattung stellen.<\/strong><\/p>\n\n\n\n<p>Weitere Fragen zu diesem Thema benatworte ich Ihnen gerne per Email (siehe unter &#8222;Kontakt&#8220;).<br><\/p>\n","protected":false},"excerpt":{"rendered":"<p>Wenn Sie als gesetzlich Versicherte(r) zu lange auf einen Psychotherapieplatz warten m\u00fcssen, haben Sie die M\u00f6glichkeit eine Privatpraxis zu kontaktieren. Die Wartezeiten in Psychotherapiepraxen mit Kassenzulassung sind in vielen F\u00e4llen sehr lang. Nicht selten muss man 6 Monate oder l\u00e4nger auf einen Psychotherapieplatz warten. Eine Wartezeit von l\u00e4nger als 3 Monaten ist f\u00fcr Sie als &hellip; <\/p>\n<p class=\"link-more\"><a href=\"http:\/\/psychotherapie-grewenig.de\/?page_id=196\" class=\"more-link\"><span class=\"screen-reader-text\">\u201eKostenerstattungsverfahren\u201c<\/span> weiterlesen<\/a><\/p>\n","protected":false},"author":1,"featured_media":0,"parent":0,"menu_order":0,"comment_status":"closed","ping_status":"closed","template":"","meta":{"footnotes":""},"class_list":["post-196","page","type-page","status-publish","hentry"],"_links":{"self":[{"href":"http:\/\/psychotherapie-grewenig.de\/index.php?rest_route=\/wp\/v2\/pages\/196","targetHints":{"allow":["GET"]}}],"collection":[{"href":"http:\/\/psychotherapie-grewenig.de\/index.php?rest_route=\/wp\/v2\/pages"}],"about":[{"href":"http:\/\/psychotherapie-grewenig.de\/index.php?rest_route=\/wp\/v2\/types\/page"}],"author":[{"embeddable":true,"href":"http:\/\/psychotherapie-grewenig.de\/index.php?rest_route=\/wp\/v2\/users\/1"}],"replies":[{"embeddable":true,"href":"http:\/\/psychotherapie-grewenig.de\/index.php?rest_route=%2Fwp%2Fv2%2Fcomments&post=196"}],"version-history":[{"count":5,"href":"http:\/\/psychotherapie-grewenig.de\/index.php?rest_route=\/wp\/v2\/pages\/196\/revisions"}],"predecessor-version":[{"id":489,"href":"http:\/\/psychotherapie-grewenig.de\/index.php?rest_route=\/wp\/v2\/pages\/196\/revisions\/489"}],"wp:attachment":[{"href":"http:\/\/psychotherapie-grewenig.de\/index.php?rest_route=%2Fwp%2Fv2%2Fmedia&parent=196"}],"curies":[{"name":"wp","href":"https:\/\/api.w.org\/{rel}","templated":true}]}}