{"id":435,"date":"2019-02-18T06:00:07","date_gmt":"2019-02-18T06:00:07","guid":{"rendered":"http:\/\/psychotherapie-grewenig.de\/?page_id=435"},"modified":"2022-12-13T06:03:25","modified_gmt":"2022-12-13T06:03:25","slug":"kontakt","status":"publish","type":"page","link":"http:\/\/psychotherapie-grewenig.de\/?page_id=435","title":{"rendered":"Kontakt"},"content":{"rendered":"\n<p>F\u00fcr Fragen oder eine Terminvereinbarung kontaktieren Sie mich gern entweder telefonisch und hinterlassen eine Nachricht oder per Email.<\/p>\n\n\n\n<p>Telefon:                     <strong>0174\/ 3 56 38 96<\/strong><\/p>\n\n\n\n<p>E-Mail:                       <strong>pp-sgrewenig@gmx.de<\/strong><\/p>\n\n\n\n<p>Praxisadresse:     <\/p>\n\n\n\n<p><strong>Praxis f\u00fcr Psychotherapie Sandra Grewenig, Kirrberger Stra\u00dfe 32, 66424 Homburg<\/strong><\/p>\n\n\n\n<p>           <\/p>\n\n\n\n<p><\/p>\n\n\n\n<p><em>Terminservicestellen der Kassen\u00e4rztlichen Vereinigung des Saarlandes f\u00fcr Sprechstundentermine und Sprechstundenprotokolle (f\u00fcr gesetzlich Versicherte):<\/em><\/p>\n\n\n\n<p><em>Saarland:<\/em><strong><em> 116117<\/em><\/strong><\/p>\n\n\n\n<p><br><\/p>\n","protected":false},"excerpt":{"rendered":"<p>F\u00fcr Fragen oder eine Terminvereinbarung kontaktieren Sie mich gern entweder telefonisch und hinterlassen eine Nachricht oder per Email. Telefon: 0174\/ 3 56 38 96 E-Mail: pp-sgrewenig@gmx.de Praxisadresse: Praxis f\u00fcr Psychotherapie Sandra Grewenig, Kirrberger Stra\u00dfe 32, 66424 Homburg Terminservicestellen der Kassen\u00e4rztlichen Vereinigung des Saarlandes f\u00fcr Sprechstundentermine und Sprechstundenprotokolle (f\u00fcr gesetzlich Versicherte): Saarland: 116117<\/p>\n","protected":false},"author":1,"featured_media":0,"parent":0,"menu_order":0,"comment_status":"closed","ping_status":"closed","template":"","meta":{"footnotes":""},"class_list":["post-435","page","type-page","status-publish","hentry"],"_links":{"self":[{"href":"http:\/\/psychotherapie-grewenig.de\/index.php?rest_route=\/wp\/v2\/pages\/435","targetHints":{"allow":["GET"]}}],"collection":[{"href":"http:\/\/psychotherapie-grewenig.de\/index.php?rest_route=\/wp\/v2\/pages"}],"about":[{"href":"http:\/\/psychotherapie-grewenig.de\/index.php?rest_route=\/wp\/v2\/types\/page"}],"author":[{"embeddable":true,"href":"http:\/\/psychotherapie-grewenig.de\/index.php?rest_route=\/wp\/v2\/users\/1"}],"replies":[{"embeddable":true,"href":"http:\/\/psychotherapie-grewenig.de\/index.php?rest_route=%2Fwp%2Fv2%2Fcomments&post=435"}],"version-history":[{"count":11,"href":"http:\/\/psychotherapie-grewenig.de\/index.php?rest_route=\/wp\/v2\/pages\/435\/revisions"}],"predecessor-version":[{"id":504,"href":"http:\/\/psychotherapie-grewenig.de\/index.php?rest_route=\/wp\/v2\/pages\/435\/revisions\/504"}],"wp:attachment":[{"href":"http:\/\/psychotherapie-grewenig.de\/index.php?rest_route=%2Fwp%2Fv2%2Fmedia&parent=435"}],"curies":[{"name":"wp","href":"https:\/\/api.w.org\/{rel}","templated":true}]}}